{"id":1596,"date":"2016-06-05T21:08:16","date_gmt":"2016-06-05T21:08:16","guid":{"rendered":"https:\/\/demo05.houzez.co\/?page_id=1596"},"modified":"2021-03-09T17:15:20","modified_gmt":"2021-03-09T14:15:20","slug":"satilik-daire-istanbul-beyoglu","status":"publish","type":"page","link":"https:\/\/asumanaykutrealestate.com\/en\/satilik-daire-istanbul-beyoglu\/","title":{"rendered":"For Sale"},"content":{"rendered":"","protected":false},"excerpt":{"rendered":"","protected":false},"author":1,"featured_media":0,"parent":0,"menu_order":0,"comment_status":"closed","ping_status":"closed","template":"template\/template-listing-grid-v5-fullwidth-3cols.php","meta":{"_monsterinsights_skip_tracking":false,"_monsterinsights_sitenote_active":false,"_monsterinsights_sitenote_note":"","_monsterinsights_sitenote_category":0,"footnotes":""},"class_list":["post-1596","page","type-page","status-publish","hentry"],"aioseo_notices":[],"yoast_head":"<!-- This site is optimized with the Yoast SEO plugin v27.0 - https:\/\/yoast.com\/product\/yoast-seo-wordpress\/ -->\n<title>Sat\u0131l\u0131k Gayrimenkuller \u0130stanbul Beyo\u011flu Emlak Ofisi - Asuman Aykut Real Estate<\/title>\n<meta name=\"robots\" content=\"index, follow, max-snippet:-1, max-image-preview:large, max-video-preview:-1\" \/>\n<link rel=\"canonical\" href=\"https:\/\/asumanaykutrealestate.com\/en\/satilik-daire-istanbul-beyoglu\/\" \/>\n<meta property=\"og:locale\" content=\"en_US\" \/>\n<meta property=\"og:type\" content=\"article\" \/>\n<meta property=\"og:title\" content=\"Sat\u0131l\u0131k Gayrimenkuller \u0130stanbul Beyo\u011flu Emlak Ofisi - Asuman Aykut Real Estate\" \/>\n<meta property=\"og:url\" content=\"https:\/\/asumanaykutrealestate.com\/en\/satilik-daire-istanbul-beyoglu\/\" \/>\n<meta property=\"og:site_name\" content=\"Asuman Aykut Real Estate Istanbul\" \/>\n<meta property=\"article:modified_time\" content=\"2021-03-09T14:15:20+00:00\" \/>\n<meta name=\"twitter:card\" content=\"summary_large_image\" \/>\n<script type=\"application\/ld+json\" class=\"yoast-schema-graph\">{\"@context\":\"https:\/\/schema.org\",\"@graph\":[{\"@type\":\"WebPage\",\"@id\":\"https:\/\/asumanaykutrealestate.com\/satilik-daire-istanbul-beyoglu\/\",\"url\":\"https:\/\/asumanaykutrealestate.com\/satilik-daire-istanbul-beyoglu\/\",\"name\":\"Sat\u0131l\u0131k Gayrimenkuller \u0130stanbul Beyo\u011flu Emlak Ofisi - Asuman Aykut Real Estate\",\"isPartOf\":{\"@id\":\"https:\/\/asumanaykutrealestate.com\/#website\"},\"datePublished\":\"2016-06-05T21:08:16+00:00\",\"dateModified\":\"2021-03-09T14:15:20+00:00\",\"breadcrumb\":{\"@id\":\"https:\/\/asumanaykutrealestate.com\/satilik-daire-istanbul-beyoglu\/#breadcrumb\"},\"inLanguage\":\"en-US\",\"potentialAction\":[{\"@type\":\"ReadAction\",\"target\":[\"https:\/\/asumanaykutrealestate.com\/satilik-daire-istanbul-beyoglu\/\"]}]},{\"@type\":\"BreadcrumbList\",\"@id\":\"https:\/\/asumanaykutrealestate.com\/satilik-daire-istanbul-beyoglu\/#breadcrumb\",\"itemListElement\":[{\"@type\":\"ListItem\",\"position\":1,\"name\":\"Anasayfa\",\"item\":\"https:\/\/asumanaykutrealestate.com\/\"},{\"@type\":\"ListItem\",\"position\":2,\"name\":\"Sat\u0131l\u0131k\"}]},{\"@type\":\"WebSite\",\"@id\":\"https:\/\/asumanaykutrealestate.com\/#website\",\"url\":\"https:\/\/asumanaykutrealestate.com\/\",\"name\":\"Asuman Aykut Real Estate Istanbul\",\"description\":\"Yeni Ya\u015fam Tarz\u0131n\u0131za Ho\u015f Geldiniz\",\"potentialAction\":[{\"@type\":\"SearchAction\",\"target\":{\"@type\":\"EntryPoint\",\"urlTemplate\":\"https:\/\/asumanaykutrealestate.com\/?s={search_term_string}\"},\"query-input\":{\"@type\":\"PropertyValueSpecification\",\"valueRequired\":true,\"valueName\":\"search_term_string\"}}],\"inLanguage\":\"en-US\"}]}<\/script>\n<!-- \/ Yoast SEO plugin. -->","yoast_head_json":{"title":"Sat\u0131l\u0131k Gayrimenkuller \u0130stanbul Beyo\u011flu Emlak Ofisi - Asuman Aykut Real Estate","robots":{"index":"index","follow":"follow","max-snippet":"max-snippet:-1","max-image-preview":"max-image-preview:large","max-video-preview":"max-video-preview:-1"},"canonical":"https:\/\/asumanaykutrealestate.com\/en\/satilik-daire-istanbul-beyoglu\/","og_locale":"en_US","og_type":"article","og_title":"Sat\u0131l\u0131k Gayrimenkuller \u0130stanbul Beyo\u011flu Emlak Ofisi - Asuman Aykut Real Estate","og_url":"https:\/\/asumanaykutrealestate.com\/en\/satilik-daire-istanbul-beyoglu\/","og_site_name":"Asuman Aykut Real Estate Istanbul","article_modified_time":"2021-03-09T14:15:20+00:00","twitter_card":"summary_large_image","schema":{"@context":"https:\/\/schema.org","@graph":[{"@type":"WebPage","@id":"https:\/\/asumanaykutrealestate.com\/satilik-daire-istanbul-beyoglu\/","url":"https:\/\/asumanaykutrealestate.com\/satilik-daire-istanbul-beyoglu\/","name":"Sat\u0131l\u0131k Gayrimenkuller \u0130stanbul Beyo\u011flu Emlak Ofisi - Asuman Aykut Real Estate","isPartOf":{"@id":"https:\/\/asumanaykutrealestate.com\/#website"},"datePublished":"2016-06-05T21:08:16+00:00","dateModified":"2021-03-09T14:15:20+00:00","breadcrumb":{"@id":"https:\/\/asumanaykutrealestate.com\/satilik-daire-istanbul-beyoglu\/#breadcrumb"},"inLanguage":"en-US","potentialAction":[{"@type":"ReadAction","target":["https:\/\/asumanaykutrealestate.com\/satilik-daire-istanbul-beyoglu\/"]}]},{"@type":"BreadcrumbList","@id":"https:\/\/asumanaykutrealestate.com\/satilik-daire-istanbul-beyoglu\/#breadcrumb","itemListElement":[{"@type":"ListItem","position":1,"name":"Anasayfa","item":"https:\/\/asumanaykutrealestate.com\/"},{"@type":"ListItem","position":2,"name":"Sat\u0131l\u0131k"}]},{"@type":"WebSite","@id":"https:\/\/asumanaykutrealestate.com\/#website","url":"https:\/\/asumanaykutrealestate.com\/","name":"Asuman Aykut Real Estate Istanbul","description":"Yeni Ya\u015fam Tarz\u0131n\u0131za Ho\u015f Geldiniz","potentialAction":[{"@type":"SearchAction","target":{"@type":"EntryPoint","urlTemplate":"https:\/\/asumanaykutrealestate.com\/?s={search_term_string}"},"query-input":{"@type":"PropertyValueSpecification","valueRequired":true,"valueName":"search_term_string"}}],"inLanguage":"en-US"}]}},"_links":{"self":[{"href":"https:\/\/asumanaykutrealestate.com\/en\/wp-json\/wp\/v2\/pages\/1596","targetHints":{"allow":["GET"]}}],"collection":[{"href":"https:\/\/asumanaykutrealestate.com\/en\/wp-json\/wp\/v2\/pages"}],"about":[{"href":"https:\/\/asumanaykutrealestate.com\/en\/wp-json\/wp\/v2\/types\/page"}],"author":[{"embeddable":true,"href":"https:\/\/asumanaykutrealestate.com\/en\/wp-json\/wp\/v2\/users\/1"}],"replies":[{"embeddable":true,"href":"https:\/\/asumanaykutrealestate.com\/en\/wp-json\/wp\/v2\/comments?post=1596"}],"version-history":[{"count":2,"href":"https:\/\/asumanaykutrealestate.com\/en\/wp-json\/wp\/v2\/pages\/1596\/revisions"}],"predecessor-version":[{"id":4193,"href":"https:\/\/asumanaykutrealestate.com\/en\/wp-json\/wp\/v2\/pages\/1596\/revisions\/4193"}],"wp:attachment":[{"href":"https:\/\/asumanaykutrealestate.com\/en\/wp-json\/wp\/v2\/media?parent=1596"}],"curies":[{"name":"wp","href":"https:\/\/api.w.org\/{rel}","templated":true}]}}