{"id":1100,"date":"2016-03-16T19:50:28","date_gmt":"2016-03-16T19:50:28","guid":{"rendered":"https:\/\/demo05.houzez.co\/?page_id=1100"},"modified":"2021-09-20T14:06:40","modified_gmt":"2021-09-20T11:06:40","slug":"iletisim","status":"publish","type":"page","link":"https:\/\/asumanaykutrealestate.com\/en\/iletisim\/","title":{"rendered":"Contact Us"},"content":{"rendered":"<div data-elementor-type=\"wp-post\" data-elementor-id=\"1100\" class=\"elementor elementor-1100\">\n\t\t\t\t\t\t<section class=\"elementor-section elementor-top-section elementor-element elementor-element-17221519 elementor-section-boxed elementor-section-height-default elementor-section-height-default\" data-id=\"17221519\" data-element_type=\"section\" data-e-type=\"section\">\n\t\t\t\t\t\t<div class=\"elementor-container elementor-column-gap-default\">\n\t\t\t\t\t<div class=\"elementor-column elementor-col-100 elementor-top-column elementor-element elementor-element-75ab0490\" data-id=\"75ab0490\" data-element_type=\"column\" data-e-type=\"column\">\n\t\t\t<div class=\"elementor-widget-wrap elementor-element-populated\">\n\t\t\t\t\t\t<div class=\"elementor-element elementor-element-471b5610 elementor-widget elementor-widget-houzez_elementor_space\" data-id=\"471b5610\" data-element_type=\"widget\" data-e-type=\"widget\" data-widget_type=\"houzez_elementor_space.default\">\n\t\t\t\t<div class=\"elementor-widget-container\">\n\t\t\t\t\t        <div class=\"houzez-spacer\">\n            <div class=\"houzez-spacer-inner\"><\/div>\n        <\/div>\n        \t\t\t\t<\/div>\n\t\t\t\t<\/div>\n\t\t\t\t<div class=\"elementor-element elementor-element-5a09826e elementor-widget elementor-widget-heading\" data-id=\"5a09826e\" data-element_type=\"widget\" data-e-type=\"widget\" data-widget_type=\"heading.default\">\n\t\t\t\t<div class=\"elementor-widget-container\">\n\t\t\t\t\t<h1 class=\"elementor-heading-title elementor-size-xl\">Contact Information<\/h1>\t\t\t\t<\/div>\n\t\t\t\t<\/div>\n\t\t\t\t<div class=\"elementor-element elementor-element-21c55ecf elementor-widget elementor-widget-heading\" data-id=\"21c55ecf\" data-element_type=\"widget\" data-e-type=\"widget\" data-widget_type=\"heading.default\">\n\t\t\t\t<div class=\"elementor-widget-container\">\n\t\t\t\t\t<p class=\"elementor-heading-title elementor-size-medium\">Let us help you to sell, rent or buy your Dream home!<\/p>\t\t\t\t<\/div>\n\t\t\t\t<\/div>\n\t\t\t\t<div class=\"elementor-element elementor-element-374aee2 elementor-widget elementor-widget-houzez_elementor_space\" data-id=\"374aee2\" data-element_type=\"widget\" data-e-type=\"widget\" data-widget_type=\"houzez_elementor_space.default\">\n\t\t\t\t<div class=\"elementor-widget-container\">\n\t\t\t\t\t        <div class=\"houzez-spacer\">\n            <div class=\"houzez-spacer-inner\"><\/div>\n        <\/div>\n        \t\t\t\t<\/div>\n\t\t\t\t<\/div>\n\t\t\t\t<div class=\"elementor-element elementor-element-3c0acfb elementor-widget elementor-widget-google_maps\" data-id=\"3c0acfb\" data-element_type=\"widget\" data-e-type=\"widget\" data-widget_type=\"google_maps.default\">\n\t\t\t\t<div class=\"elementor-widget-container\">\n\t\t\t\t\t\t\t<div class=\"elementor-custom-embed\">\n\t\t\t<iframe loading=\"lazy\"\n\t\t\t\t\tsrc=\"https:\/\/maps.google.com\/maps?q=Bereketzade%20Mah.%20Ok%C3%A7u%20Musa%20Cad.%20No%3A3&#038;t=m&#038;z=10&#038;output=embed&#038;iwloc=near\"\n\t\t\t\t\ttitle=\"Bereketzade Mah. Ok\u00e7u Musa Cad. No:3\"\n\t\t\t\t\taria-label=\"Bereketzade Mah. Ok\u00e7u Musa Cad. No:3\"\n\t\t\t><\/iframe>\n\t\t<\/div>\n\t\t\t\t\t\t<\/div>\n\t\t\t\t<\/div>\n\t\t\t\t<div class=\"elementor-element elementor-element-04aa5c3 elementor-widget elementor-widget-houzez_elementor_space\" data-id=\"04aa5c3\" data-element_type=\"widget\" data-e-type=\"widget\" data-widget_type=\"houzez_elementor_space.default\">\n\t\t\t\t<div class=\"elementor-widget-container\">\n\t\t\t\t\t        <div class=\"houzez-spacer\">\n            <div class=\"houzez-spacer-inner\"><\/div>\n        <\/div>\n        \t\t\t\t<\/div>\n\t\t\t\t<\/div>\n\t\t\t\t\t<\/div>\n\t\t<\/div>\n\t\t\t\t\t<\/div>\n\t\t<\/section>\n\t\t\t\t<section class=\"elementor-section elementor-top-section elementor-element elementor-element-6d834ca0 elementor-section-boxed elementor-section-height-default elementor-section-height-default\" data-id=\"6d834ca0\" data-element_type=\"section\" data-e-type=\"section\">\n\t\t\t\t\t\t<div class=\"elementor-container elementor-column-gap-default\">\n\t\t\t\t\t<div class=\"elementor-column elementor-col-50 elementor-top-column elementor-element elementor-element-3987d9c8\" data-id=\"3987d9c8\" data-element_type=\"column\" data-e-type=\"column\">\n\t\t\t<div class=\"elementor-widget-wrap elementor-element-populated\">\n\t\t\t\t\t\t<div class=\"elementor-element elementor-element-62adf3cf elementor-widget elementor-widget-text-editor\" data-id=\"62adf3cf\" data-element_type=\"widget\" data-e-type=\"widget\" data-widget_type=\"text-editor.default\">\n\t\t\t\t<div class=\"elementor-widget-container\">\n\t\t\t\t\t\t\t\t\t<p>Contact us for any questions and feedback.<\/p>\t\t\t\t\t\t\t\t<\/div>\n\t\t\t\t<\/div>\n\t\t\t\t<div class=\"elementor-element elementor-element-258569e elementor-button-align-stretch elementor-widget elementor-widget-houzez_elementor_contact_form\" data-id=\"258569e\" data-element_type=\"widget\" data-e-type=\"widget\" data-widget_type=\"houzez_elementor_contact_form.default\">\n\t\t\t\t<div class=\"elementor-widget-container\">\n\t\t\t\t\t\n        <script type=\"application\/javascript\">\n            jQuery(document).bind(\"ready\", function () {\n                houzezValidateElementor(\"#houzez-form-258569e\" );\n            });\n        <\/script>\n\n        <form class=\"elementor-form\" id=\"houzez-form-258569e\" method=\"post\" name=\"New Form\" action=\"https:\/\/asumanaykutrealestate.com\/wp-admin\/admin-ajax.php\">\n            <input type=\"hidden\" name=\"form_id\" value=\"258569e\"\/>\n            <input type=\"hidden\" name=\"houzez_contact_form\" value=\"yes\"\/>\n            <input type=\"hidden\" name=\"action\" value=\"houzez_ele_contact_form\" \/>\n            <input type=\"hidden\" name=\"source_link\" value=\"https:\/\/asumanaykutrealestate.com\/en\/iletisim\/\" \/>\n            <input type=\"hidden\" name=\"lead_page_id\" value=\"1100\" \/>\n            <input type=\"hidden\" name=\"email_to\" value=\"info@asumanaykutrealestate.com\" \/>\n            <input type=\"hidden\" name=\"email_subject\" value=\"Yeni Mesaj - \u0130letisim Formu\" \/>\n            <input type=\"hidden\" name=\"email_to_cc\" value=\"info@asumanaykut.com\" \/>\n            <input type=\"hidden\" name=\"email_to_bcc\" value=\"\" \/>\n            <input type=\"hidden\" name=\"webhook\" value=\"false\" \/>\n            <input type=\"hidden\" name=\"webhook_url\" value=\"\" \/>\n            <input type=\"hidden\" name=\"redirect_to\" value=\"\" \/>\n            <input type=\"hidden\" name=\"google_recaptcha\" value=\"false\" \/>\n            \n\n            <div class=\"elementor-form-fields-wrapper elementor-labels-above\">\n\n                                    <div class=\"elementor-field-group elementor-column form-group elementor-field-group-name elementor-col-50 elementor-field-required\">\n                    <label for=\"form-field-name\" class=\"elementor-field-label\">Name<\/label><input type=\"text\" name=\"first_name\" id=\"form-field-name\" class=\"elementor-field form-control elementor-size-sm elementor-field-textual\" placeholder=\"Name\" title=\"* Name\" required=\"required\">                    <\/div>\n\n                                        <div class=\"elementor-field-group elementor-column form-group elementor-field-group-e30da64 elementor-col-50 elementor-field-required\">\n                    <label for=\"form-field-e30da64\" class=\"elementor-field-label\">Surname<\/label><input type=\"text\" name=\"last_name\" id=\"form-field-e30da64\" class=\"elementor-field form-control elementor-size-sm elementor-field-textual\" placeholder=\"Surname\" title=\"* Surname\" required=\"required\">                    <\/div>\n\n                                        <div class=\"elementor-field-group elementor-column form-group elementor-field-group-7d1019d elementor-col-100 elementor-field-required\">\n                    <label for=\"form-field-7d1019d\" class=\"elementor-field-label\">Phone<\/label><input type=\"text\" name=\"home_phone\" id=\"form-field-7d1019d\" class=\"elementor-field form-control elementor-size-sm elementor-field-textual\" placeholder=\"Phone\" title=\"Phone\" required=\"required\">                    <\/div>\n\n                                        <div class=\"elementor-field-group elementor-column form-group elementor-field-group-email elementor-col-100 elementor-field-required\">\n                    <label for=\"form-field-email\" class=\"elementor-field-label\">Email<\/label><input type=\"email\" name=\"email\" id=\"form-field-email\" class=\"elementor-field form-control elementor-size-sm elementor-field-textual\" placeholder=\"Email\" title=\"Email\" required=\"required\">                    <\/div>\n\n                                        <div class=\"elementor-field-group elementor-column form-group elementor-field-group-message elementor-col-100 elementor-field-required\">\n                    <label for=\"form-field-message\" class=\"elementor-field-label\">Message<\/label><textarea class=\"elementor-field-textual elementor-field elementor-size-sm\" name=\"message\" id=\"form-field-message\" rows=\"4\" placeholder=\"Message\" required=\"required\" title=\"* Mesaj\u0131n\u0131z\"><\/textarea>                    <\/div>\n\n                    \n                    \n                    \n                    <div class=\"elementor-field-group elementor-column elementor-field-type-submit elementor-col-100\">\n                    <button type=\"submit\" class=\"btn houzez-submit-button houzez-contact-form-js elementor-button elementor-size-sm\">\n                        <i class=\"btn-loader houzez-loader-js\"><\/i>\n                                                    Send                                            <\/button>\n                <\/div>\n            <\/div><!-- End wrapper-->\n            <br\/>\n            <div class=\"ele-form-messages\"><\/div>\n            <div class=\"error-container\"><\/div>\n\n        <\/form>\n\n    \t\t\t\t<\/div>\n\t\t\t\t<\/div>\n\t\t\t\t\t<\/div>\n\t\t<\/div>\n\t\t\t\t<div class=\"elementor-column elementor-col-25 elementor-top-column elementor-element elementor-element-4f150150\" data-id=\"4f150150\" data-element_type=\"column\" data-e-type=\"column\">\n\t\t\t<div class=\"elementor-widget-wrap elementor-element-populated\">\n\t\t\t\t\t\t<div class=\"elementor-element elementor-element-7aaaab76 elementor-widget elementor-widget-text-editor\" data-id=\"7aaaab76\" data-element_type=\"widget\" data-e-type=\"widget\" data-widget_type=\"text-editor.default\">\n\t\t\t\t<div class=\"elementor-widget-container\">\n\t\t\t\t\t\t\t\t\t<p>Asuman Aykut Real Estate<\/p><p>+90 532 772 95 16<\/p><p>info@asumanaykut.com<\/p><p>Adres: Bereketzade Mah. Ok\u00e7u Musa Cad. Demet Ap. No:3 D:7, 34421 Galata, Beyo\u011flu, \u0130stanbul<\/p>\t\t\t\t\t\t\t\t<\/div>\n\t\t\t\t<\/div>\n\t\t\t\t\t<\/div>\n\t\t<\/div>\n\t\t\t\t<div class=\"elementor-column elementor-col-25 elementor-top-column elementor-element elementor-element-6429e6fb\" data-id=\"6429e6fb\" data-element_type=\"column\" data-e-type=\"column\">\n\t\t\t<div class=\"elementor-widget-wrap elementor-element-populated\">\n\t\t\t\t\t\t<div class=\"elementor-element elementor-element-5792fa14 elementor-hidden-desktop elementor-hidden-tablet elementor-hidden-phone elementor-widget elementor-widget-text-editor\" data-id=\"5792fa14\" data-element_type=\"widget\" data-e-type=\"widget\" data-widget_type=\"text-editor.default\">\n\t\t\t\t<div class=\"elementor-widget-container\">\n\t\t\t\t\t\t\t\t\t<div class=\"wpb_text_column wpb_content_element\"><div class=\"wpb_wrapper\"><h5>Need help searching on\u00a0Houzez?<\/h5><p>If you\u00a0forgot\u00a0your password or want to change your email preferences, use the links below:<\/p><ul><li><a href=\"https:\/\/houzez01.favethemes.com\/contact\/#\" data-dismiss=\"modal\" data-toggle=\"modal\" data-target=\"#pop-reset-pass\">Lost your password?<\/a><\/li><li><a href=\"https:\/\/houzez01.favethemes.com\/contact\/#\">Edit email preferences \/ Unsubscribe<\/a><\/li><\/ul><\/div><\/div><div class=\"wpb_text_column wpb_content_element\">\u00a0<\/div><div class=\"wpb_text_column wpb_content_element\"><div class=\"wpb_wrapper\"><h5>Contact Us<\/h5><p>To contact Houzez, please select one of the following:<\/p><ul><li><a href=\"https:\/\/houzez01.favethemes.com\/contact\/#\">Renter questions<\/a><\/li><li><a href=\"https:\/\/houzez01.favethemes.com\/contact\/#\">Property manager questions<\/a><\/li><li><a href=\"https:\/\/houzez01.favethemes.com\/contact\/#\">Business opportunity questions<\/a><\/li><li><a href=\"https:\/\/houzez01.favethemes.com\/contact\/#\">Careers opportunity\u00a0questions<\/a><\/li><li><a href=\"https:\/\/houzez01.favethemes.com\/contact\/#\">Customer Support<\/a><\/li><\/ul><\/div><\/div>\t\t\t\t\t\t\t\t<\/div>\n\t\t\t\t<\/div>\n\t\t\t\t\t<\/div>\n\t\t<\/div>\n\t\t\t\t\t<\/div>\n\t\t<\/section>\n\t\t\t\t<section class=\"elementor-section elementor-top-section elementor-element elementor-element-c8c5a0e elementor-section-boxed elementor-section-height-default elementor-section-height-default\" data-id=\"c8c5a0e\" data-element_type=\"section\" data-e-type=\"section\">\n\t\t\t\t\t\t<div class=\"elementor-container elementor-column-gap-default\">\n\t\t\t\t\t<div class=\"elementor-column elementor-col-100 elementor-top-column elementor-element elementor-element-5c5d215\" data-id=\"5c5d215\" data-element_type=\"column\" data-e-type=\"column\">\n\t\t\t<div class=\"elementor-widget-wrap elementor-element-populated\">\n\t\t\t\t\t\t<div class=\"elementor-element elementor-element-9eadf81 elementor-widget elementor-widget-spacer\" data-id=\"9eadf81\" data-element_type=\"widget\" data-e-type=\"widget\" data-widget_type=\"spacer.default\">\n\t\t\t\t<div class=\"elementor-widget-container\">\n\t\t\t\t\t\t\t<div class=\"elementor-spacer\">\n\t\t\t<div class=\"elementor-spacer-inner\"><\/div>\n\t\t<\/div>\n\t\t\t\t\t\t<\/div>\n\t\t\t\t<\/div>\n\t\t\t\t\t<\/div>\n\t\t<\/div>\n\t\t\t\t\t<\/div>\n\t\t<\/section>\n\t\t\t\t<\/div>","protected":false},"excerpt":{"rendered":"<p>\u0130leti\u015fim Bilgileri Evinizi satmak, kiralamak yada hayalinizdeki evi bulmak i\u00e7in Size yard\u0131mc\u0131 olal\u0131m! Her t\u00fcrl\u00fc sorular\u0131n\u0131z ve geri bildirimleriniz i\u00e7in bize ula\u015fabilirsiniz. Ad\u0131n\u0131z Soyad\u0131n\u0131z Telefon E-posta Mesaj\u0131n\u0131z G\u00f6nder Asuman Aykut Real Estate Gayrimenkul Dan\u0131\u015fmanl\u0131\u011f\u0131 +90 532 772 95 16 info@asumanaykut.com Adres: Bereketzade Mah. Ok\u00e7u Musa Cad. Demet Ap. No:3 D:7, 34421 Galata, Beyo\u011flu, \u0130stanbul Need [&hellip;]<\/p>\n","protected":false},"author":1,"featured_media":0,"parent":0,"menu_order":0,"comment_status":"closed","ping_status":"closed","template":"elementor_header_footer","meta":{"_monsterinsights_skip_tracking":false,"_monsterinsights_sitenote_active":false,"_monsterinsights_sitenote_note":"","_monsterinsights_sitenote_category":0,"footnotes":""},"class_list":["post-1100","page","type-page","status-publish","hentry"],"aioseo_notices":[],"yoast_head":"<!-- This site is optimized with the Yoast SEO plugin v27.0 - https:\/\/yoast.com\/product\/yoast-seo-wordpress\/ -->\n<title>Gayrimenkul Dan\u0131\u015fmanl\u0131k Ofisi \u0130stanbul \u0130leti\u015fim - Asuman Aykut Real Estate<\/title>\n<meta name=\"robots\" content=\"index, follow, max-snippet:-1, max-image-preview:large, max-video-preview:-1\" \/>\n<link rel=\"canonical\" href=\"https:\/\/asumanaykutrealestate.com\/en\/iletisim\/\" \/>\n<meta property=\"og:locale\" content=\"en_US\" \/>\n<meta property=\"og:type\" content=\"article\" \/>\n<meta property=\"og:title\" content=\"Gayrimenkul Dan\u0131\u015fmanl\u0131k Ofisi \u0130stanbul \u0130leti\u015fim - Asuman Aykut Real Estate\" \/>\n<meta property=\"og:description\" content=\"\u0130leti\u015fim Bilgileri Evinizi satmak, kiralamak yada hayalinizdeki evi bulmak i\u00e7in Size yard\u0131mc\u0131 olal\u0131m! Her t\u00fcrl\u00fc sorular\u0131n\u0131z ve geri bildirimleriniz i\u00e7in bize ula\u015fabilirsiniz. Ad\u0131n\u0131z Soyad\u0131n\u0131z Telefon E-posta Mesaj\u0131n\u0131z G\u00f6nder Asuman Aykut Real Estate Gayrimenkul Dan\u0131\u015fmanl\u0131\u011f\u0131 +90 532 772 95 16 info@asumanaykut.com Adres: Bereketzade Mah. Ok\u00e7u Musa Cad. Demet Ap. No:3 D:7, 34421 Galata, Beyo\u011flu, \u0130stanbul Need [&hellip;]\" \/>\n<meta property=\"og:url\" content=\"https:\/\/asumanaykutrealestate.com\/en\/iletisim\/\" \/>\n<meta property=\"og:site_name\" content=\"Asuman Aykut Real Estate Istanbul\" \/>\n<meta property=\"article:modified_time\" content=\"2021-09-20T11:06:40+00:00\" \/>\n<meta name=\"twitter:card\" content=\"summary_large_image\" \/>\n<meta name=\"twitter:label1\" content=\"Est. reading time\" \/>\n\t<meta name=\"twitter:data1\" content=\"1 minute\" \/>\n<script type=\"application\/ld+json\" class=\"yoast-schema-graph\">{\"@context\":\"https:\/\/schema.org\",\"@graph\":[{\"@type\":\"WebPage\",\"@id\":\"https:\/\/asumanaykutrealestate.com\/iletisim\/\",\"url\":\"https:\/\/asumanaykutrealestate.com\/iletisim\/\",\"name\":\"Gayrimenkul Dan\u0131\u015fmanl\u0131k Ofisi \u0130stanbul \u0130leti\u015fim - Asuman Aykut Real Estate\",\"isPartOf\":{\"@id\":\"https:\/\/asumanaykutrealestate.com\/#website\"},\"datePublished\":\"2016-03-16T19:50:28+00:00\",\"dateModified\":\"2021-09-20T11:06:40+00:00\",\"breadcrumb\":{\"@id\":\"https:\/\/asumanaykutrealestate.com\/iletisim\/#breadcrumb\"},\"inLanguage\":\"en-US\",\"potentialAction\":[{\"@type\":\"ReadAction\",\"target\":[\"https:\/\/asumanaykutrealestate.com\/iletisim\/\"]}]},{\"@type\":\"BreadcrumbList\",\"@id\":\"https:\/\/asumanaykutrealestate.com\/iletisim\/#breadcrumb\",\"itemListElement\":[{\"@type\":\"ListItem\",\"position\":1,\"name\":\"Anasayfa\",\"item\":\"https:\/\/asumanaykutrealestate.com\/\"},{\"@type\":\"ListItem\",\"position\":2,\"name\":\"\u0130leti\u015fim\"}]},{\"@type\":\"WebSite\",\"@id\":\"https:\/\/asumanaykutrealestate.com\/#website\",\"url\":\"https:\/\/asumanaykutrealestate.com\/\",\"name\":\"Asuman Aykut Real Estate Istanbul\",\"description\":\"Yeni Ya\u015fam Tarz\u0131n\u0131za Ho\u015f Geldiniz\",\"potentialAction\":[{\"@type\":\"SearchAction\",\"target\":{\"@type\":\"EntryPoint\",\"urlTemplate\":\"https:\/\/asumanaykutrealestate.com\/?s={search_term_string}\"},\"query-input\":{\"@type\":\"PropertyValueSpecification\",\"valueRequired\":true,\"valueName\":\"search_term_string\"}}],\"inLanguage\":\"en-US\"}]}<\/script>\n<!-- \/ Yoast SEO plugin. -->","yoast_head_json":{"title":"Gayrimenkul Dan\u0131\u015fmanl\u0131k Ofisi \u0130stanbul \u0130leti\u015fim - Asuman Aykut Real Estate","robots":{"index":"index","follow":"follow","max-snippet":"max-snippet:-1","max-image-preview":"max-image-preview:large","max-video-preview":"max-video-preview:-1"},"canonical":"https:\/\/asumanaykutrealestate.com\/en\/iletisim\/","og_locale":"en_US","og_type":"article","og_title":"Gayrimenkul Dan\u0131\u015fmanl\u0131k Ofisi \u0130stanbul \u0130leti\u015fim - Asuman Aykut Real Estate","og_description":"\u0130leti\u015fim Bilgileri Evinizi satmak, kiralamak yada hayalinizdeki evi bulmak i\u00e7in Size yard\u0131mc\u0131 olal\u0131m! Her t\u00fcrl\u00fc sorular\u0131n\u0131z ve geri bildirimleriniz i\u00e7in bize ula\u015fabilirsiniz. Ad\u0131n\u0131z Soyad\u0131n\u0131z Telefon E-posta Mesaj\u0131n\u0131z G\u00f6nder Asuman Aykut Real Estate Gayrimenkul Dan\u0131\u015fmanl\u0131\u011f\u0131 +90 532 772 95 16 info@asumanaykut.com Adres: Bereketzade Mah. Ok\u00e7u Musa Cad. Demet Ap. No:3 D:7, 34421 Galata, Beyo\u011flu, \u0130stanbul Need [&hellip;]","og_url":"https:\/\/asumanaykutrealestate.com\/en\/iletisim\/","og_site_name":"Asuman Aykut Real Estate Istanbul","article_modified_time":"2021-09-20T11:06:40+00:00","twitter_card":"summary_large_image","twitter_misc":{"Est. reading time":"1 minute"},"schema":{"@context":"https:\/\/schema.org","@graph":[{"@type":"WebPage","@id":"https:\/\/asumanaykutrealestate.com\/iletisim\/","url":"https:\/\/asumanaykutrealestate.com\/iletisim\/","name":"Gayrimenkul Dan\u0131\u015fmanl\u0131k Ofisi \u0130stanbul \u0130leti\u015fim - Asuman Aykut Real Estate","isPartOf":{"@id":"https:\/\/asumanaykutrealestate.com\/#website"},"datePublished":"2016-03-16T19:50:28+00:00","dateModified":"2021-09-20T11:06:40+00:00","breadcrumb":{"@id":"https:\/\/asumanaykutrealestate.com\/iletisim\/#breadcrumb"},"inLanguage":"en-US","potentialAction":[{"@type":"ReadAction","target":["https:\/\/asumanaykutrealestate.com\/iletisim\/"]}]},{"@type":"BreadcrumbList","@id":"https:\/\/asumanaykutrealestate.com\/iletisim\/#breadcrumb","itemListElement":[{"@type":"ListItem","position":1,"name":"Anasayfa","item":"https:\/\/asumanaykutrealestate.com\/"},{"@type":"ListItem","position":2,"name":"\u0130leti\u015fim"}]},{"@type":"WebSite","@id":"https:\/\/asumanaykutrealestate.com\/#website","url":"https:\/\/asumanaykutrealestate.com\/","name":"Asuman Aykut Real Estate Istanbul","description":"Yeni Ya\u015fam Tarz\u0131n\u0131za Ho\u015f Geldiniz","potentialAction":[{"@type":"SearchAction","target":{"@type":"EntryPoint","urlTemplate":"https:\/\/asumanaykutrealestate.com\/?s={search_term_string}"},"query-input":{"@type":"PropertyValueSpecification","valueRequired":true,"valueName":"search_term_string"}}],"inLanguage":"en-US"}]}},"_links":{"self":[{"href":"https:\/\/asumanaykutrealestate.com\/en\/wp-json\/wp\/v2\/pages\/1100","targetHints":{"allow":["GET"]}}],"collection":[{"href":"https:\/\/asumanaykutrealestate.com\/en\/wp-json\/wp\/v2\/pages"}],"about":[{"href":"https:\/\/asumanaykutrealestate.com\/en\/wp-json\/wp\/v2\/types\/page"}],"author":[{"embeddable":true,"href":"https:\/\/asumanaykutrealestate.com\/en\/wp-json\/wp\/v2\/users\/1"}],"replies":[{"embeddable":true,"href":"https:\/\/asumanaykutrealestate.com\/en\/wp-json\/wp\/v2\/comments?post=1100"}],"version-history":[{"count":94,"href":"https:\/\/asumanaykutrealestate.com\/en\/wp-json\/wp\/v2\/pages\/1100\/revisions"}],"predecessor-version":[{"id":5506,"href":"https:\/\/asumanaykutrealestate.com\/en\/wp-json\/wp\/v2\/pages\/1100\/revisions\/5506"}],"wp:attachment":[{"href":"https:\/\/asumanaykutrealestate.com\/en\/wp-json\/wp\/v2\/media?parent=1100"}],"curies":[{"name":"wp","href":"https:\/\/api.w.org\/{rel}","templated":true}]}}