{"id":748,"date":"2016-03-10T18:52:12","date_gmt":"2016-03-10T18:52:12","guid":{"rendered":"https:\/\/demo05.houzez.co\/?page_id=748"},"modified":"2021-04-10T17:03:39","modified_gmt":"2021-04-10T14:03:39","slug":"gizlilik","status":"publish","type":"page","link":"https:\/\/asumanaykutrealestate.com\/de\/gizlilik\/","title":{"rendered":"Gizlilik"},"content":{"rendered":"","protected":false},"excerpt":{"rendered":"","protected":false},"author":1,"featured_media":0,"parent":0,"menu_order":0,"comment_status":"closed","ping_status":"closed","template":"template\/template-page.php","meta":{"_monsterinsights_skip_tracking":false,"_monsterinsights_sitenote_active":false,"_monsterinsights_sitenote_note":"","_monsterinsights_sitenote_category":0,"footnotes":""},"class_list":["post-748","page","type-page","status-publish","hentry"],"aioseo_notices":[],"yoast_head":"<!-- This site is optimized with the Yoast SEO plugin v27.0 - https:\/\/yoast.com\/product\/yoast-seo-wordpress\/ -->\n<title>Gizlilik - Asuman Aykut Real Estate Istanbul<\/title>\n<meta name=\"robots\" content=\"index, follow, max-snippet:-1, max-image-preview:large, max-video-preview:-1\" \/>\n<link rel=\"canonical\" href=\"https:\/\/asumanaykutrealestate.com\/de\/gizlilik\/\" \/>\n<meta property=\"og:locale\" content=\"de_DE\" \/>\n<meta property=\"og:type\" content=\"article\" \/>\n<meta property=\"og:title\" content=\"Gizlilik - Asuman Aykut Real Estate Istanbul\" \/>\n<meta property=\"og:url\" content=\"https:\/\/asumanaykutrealestate.com\/de\/gizlilik\/\" \/>\n<meta property=\"og:site_name\" content=\"Asuman Aykut Real Estate Istanbul\" \/>\n<meta property=\"article:modified_time\" content=\"2021-04-10T14:03:39+00:00\" \/>\n<meta name=\"twitter:card\" content=\"summary_large_image\" \/>\n<script type=\"application\/ld+json\" class=\"yoast-schema-graph\">{\"@context\":\"https:\/\/schema.org\",\"@graph\":[{\"@type\":\"WebPage\",\"@id\":\"https:\/\/asumanaykutrealestate.com\/de\/gizlilik\/\",\"url\":\"https:\/\/asumanaykutrealestate.com\/de\/gizlilik\/\",\"name\":\"Gizlilik - Asuman Aykut Real Estate Istanbul\",\"isPartOf\":{\"@id\":\"https:\/\/asumanaykutrealestate.com\/#website\"},\"datePublished\":\"2016-03-10T18:52:12+00:00\",\"dateModified\":\"2021-04-10T14:03:39+00:00\",\"breadcrumb\":{\"@id\":\"https:\/\/asumanaykutrealestate.com\/de\/gizlilik\/#breadcrumb\"},\"inLanguage\":\"de\",\"potentialAction\":[{\"@type\":\"ReadAction\",\"target\":[\"https:\/\/asumanaykutrealestate.com\/de\/gizlilik\/\"]}]},{\"@type\":\"BreadcrumbList\",\"@id\":\"https:\/\/asumanaykutrealestate.com\/de\/gizlilik\/#breadcrumb\",\"itemListElement\":[{\"@type\":\"ListItem\",\"position\":1,\"name\":\"Anasayfa\",\"item\":\"https:\/\/asumanaykutrealestate.com\/\"},{\"@type\":\"ListItem\",\"position\":2,\"name\":\"Gizlilik\"}]},{\"@type\":\"WebSite\",\"@id\":\"https:\/\/asumanaykutrealestate.com\/#website\",\"url\":\"https:\/\/asumanaykutrealestate.com\/\",\"name\":\"Asuman Aykut Real Estate Istanbul\",\"description\":\"Yeni Ya\u015fam Tarz\u0131n\u0131za Ho\u015f Geldiniz\",\"potentialAction\":[{\"@type\":\"SearchAction\",\"target\":{\"@type\":\"EntryPoint\",\"urlTemplate\":\"https:\/\/asumanaykutrealestate.com\/?s={search_term_string}\"},\"query-input\":{\"@type\":\"PropertyValueSpecification\",\"valueRequired\":true,\"valueName\":\"search_term_string\"}}],\"inLanguage\":\"de\"}]}<\/script>\n<!-- \/ Yoast SEO plugin. -->","yoast_head_json":{"title":"Gizlilik - Asuman Aykut Real Estate Istanbul","robots":{"index":"index","follow":"follow","max-snippet":"max-snippet:-1","max-image-preview":"max-image-preview:large","max-video-preview":"max-video-preview:-1"},"canonical":"https:\/\/asumanaykutrealestate.com\/de\/gizlilik\/","og_locale":"de_DE","og_type":"article","og_title":"Gizlilik - Asuman Aykut Real Estate Istanbul","og_url":"https:\/\/asumanaykutrealestate.com\/de\/gizlilik\/","og_site_name":"Asuman Aykut Real Estate Istanbul","article_modified_time":"2021-04-10T14:03:39+00:00","twitter_card":"summary_large_image","schema":{"@context":"https:\/\/schema.org","@graph":[{"@type":"WebPage","@id":"https:\/\/asumanaykutrealestate.com\/de\/gizlilik\/","url":"https:\/\/asumanaykutrealestate.com\/de\/gizlilik\/","name":"Gizlilik - Asuman Aykut Real Estate Istanbul","isPartOf":{"@id":"https:\/\/asumanaykutrealestate.com\/#website"},"datePublished":"2016-03-10T18:52:12+00:00","dateModified":"2021-04-10T14:03:39+00:00","breadcrumb":{"@id":"https:\/\/asumanaykutrealestate.com\/de\/gizlilik\/#breadcrumb"},"inLanguage":"de","potentialAction":[{"@type":"ReadAction","target":["https:\/\/asumanaykutrealestate.com\/de\/gizlilik\/"]}]},{"@type":"BreadcrumbList","@id":"https:\/\/asumanaykutrealestate.com\/de\/gizlilik\/#breadcrumb","itemListElement":[{"@type":"ListItem","position":1,"name":"Anasayfa","item":"https:\/\/asumanaykutrealestate.com\/"},{"@type":"ListItem","position":2,"name":"Gizlilik"}]},{"@type":"WebSite","@id":"https:\/\/asumanaykutrealestate.com\/#website","url":"https:\/\/asumanaykutrealestate.com\/","name":"Asuman Aykut Real Estate Istanbul","description":"Yeni Ya\u015fam Tarz\u0131n\u0131za Ho\u015f Geldiniz","potentialAction":[{"@type":"SearchAction","target":{"@type":"EntryPoint","urlTemplate":"https:\/\/asumanaykutrealestate.com\/?s={search_term_string}"},"query-input":{"@type":"PropertyValueSpecification","valueRequired":true,"valueName":"search_term_string"}}],"inLanguage":"de"}]}},"_links":{"self":[{"href":"https:\/\/asumanaykutrealestate.com\/de\/wp-json\/wp\/v2\/pages\/748","targetHints":{"allow":["GET"]}}],"collection":[{"href":"https:\/\/asumanaykutrealestate.com\/de\/wp-json\/wp\/v2\/pages"}],"about":[{"href":"https:\/\/asumanaykutrealestate.com\/de\/wp-json\/wp\/v2\/types\/page"}],"author":[{"embeddable":true,"href":"https:\/\/asumanaykutrealestate.com\/de\/wp-json\/wp\/v2\/users\/1"}],"replies":[{"embeddable":true,"href":"https:\/\/asumanaykutrealestate.com\/de\/wp-json\/wp\/v2\/comments?post=748"}],"version-history":[{"count":1,"href":"https:\/\/asumanaykutrealestate.com\/de\/wp-json\/wp\/v2\/pages\/748\/revisions"}],"predecessor-version":[{"id":5057,"href":"https:\/\/asumanaykutrealestate.com\/de\/wp-json\/wp\/v2\/pages\/748\/revisions\/5057"}],"wp:attachment":[{"href":"https:\/\/asumanaykutrealestate.com\/de\/wp-json\/wp\/v2\/media?parent=748"}],"curies":[{"name":"wp","href":"https:\/\/api.w.org\/{rel}","templated":true}]}}